{"id":19,"date":"2021-09-05T17:29:12","date_gmt":"2021-09-05T17:29:12","guid":{"rendered":"https:\/\/kits.themecy.com\/memberships-1\/?page_id=19"},"modified":"2025-01-18T10:00:11","modified_gmt":"2025-01-18T09:00:11","slug":"reviews","status":"publish","type":"page","link":"https:\/\/saludconamor.com\/index.php\/reviews\/","title":{"rendered":"Reviews"},"content":{"rendered":"<style>.kb-row-layout-id19_fa3d31-46 > .kt-row-column-wrap{align-content:center;}:where(.kb-row-layout-id19_fa3d31-46 > .kt-row-column-wrap) > .wp-block-kadence-column{justify-content:center;}.kb-row-layout-id19_fa3d31-46 > .kt-row-column-wrap{column-gap:var(--global-kb-gap-md, 2rem);row-gap:var(--global-kb-gap-md, 2rem);max-width:var( --global-content-width, 1290px );padding-left:var(--global-content-edge-padding);padding-right:var(--global-content-edge-padding);padding-top:165px;padding-bottom:81px;grid-template-columns:minmax(0, 1fr);}.kb-row-layout-id19_fa3d31-46 > .kt-row-layout-overlay{opacity:0.30;}.kb-row-layout-id19_fa3d31-46 .kt-row-layout-bottom-sep{height:100px;}.kb-row-layout-id19_fa3d31-46 .kt-row-layout-bottom-sep svg{width:100%;}.kb-row-layout-id19_fa3d31-46 .kt-row-layout-bottom-sep svg{fill:var(--global-palette9, #ffffff)!important;}@media all and (max-width: 1024px){.kb-row-layout-id19_fa3d31-46 > .kt-row-column-wrap{grid-template-columns:minmax(0, 1fr);}}@media all and (max-width: 1024px){.kb-row-layout-id19_fa3d31-46 .kt-row-layout-bottom-sep{height:px;}}@media all and (max-width: 1024px){.kb-row-layout-id19_fa3d31-46 .kt-row-layout-bottom-sep svg{width:%;}}@media all and (max-width: 767px){.kb-row-layout-id19_fa3d31-46 > .kt-row-column-wrap{grid-template-columns:minmax(0, 1fr);}.kb-row-layout-id19_fa3d31-46 .kt-row-layout-bottom-sep{height:px;}.kb-row-layout-id19_fa3d31-46 .kt-row-layout-bottom-sep svg{width:%;}}.kb-row-layout-id19_fa3d31-46 .absolute {\\n  position: absolute;\\n  width: 400px;\\n  top: -200px;\\n  right: -180px;\\n}\\n.kb-row-layout-id19_fa3d31-46 .low-index {\\n  z-index: 1;\\n}\\n.kb-row-layout-id19_fa3d31-46 {\\n  overflow: hidden;\\n}<\/style><div class=\"kb-row-layout-wrap kb-row-layout-id19_fa3d31-46 alignnone has-theme-palette8-background-color kt-row-has-bg wp-block-kadence-rowlayout\"><div class=\"kt-row-layout-bottom-sep kt-row-sep-type-crvi\"><svg viewBox=\"0 0 1000 100\" preserveAspectRatio=\"none\"><path d=\"M1000,0c0,0 -270.987,98 -500,98c-229.013,0 -500,-98 -500,-98l0,100l1000,0l0,-100Z\" \/><\/svg><\/div><div class=\"kt-row-column-wrap kt-has-1-columns kt-row-layout-equal kt-tab-layout-inherit kt-mobile-layout-row kt-row-valign-middle kb-theme-content-width\">\n<style>.kadence-column19_ada00a-86 > .kt-inside-inner-col,.kadence-column19_ada00a-86 > .kt-inside-inner-col:before{border-top-left-radius:0px;border-top-right-radius:0px;border-bottom-right-radius:0px;border-bottom-left-radius:0px;}.kadence-column19_ada00a-86 > .kt-inside-inner-col{column-gap:var(--global-kb-gap-sm, 1rem);}.kadence-column19_ada00a-86 > .kt-inside-inner-col{flex-direction:column;}.kadence-column19_ada00a-86 > .kt-inside-inner-col > .aligncenter{width:100%;}.kadence-column19_ada00a-86 > .kt-inside-inner-col:before{opacity:0.3;}.kadence-column19_ada00a-86{position:relative;}@media all and (max-width: 1024px){.kadence-column19_ada00a-86 > .kt-inside-inner-col{flex-direction:column;}}@media all and (max-width: 767px){.kadence-column19_ada00a-86 > .kt-inside-inner-col{flex-direction:column;}}<\/style>\n<div class=\"wp-block-kadence-column kadence-column19_ada00a-86 inner-column-1\"><div class=\"kt-inside-inner-col\"><style>.wp-block-kadence-advancedheading.kt-adv-heading19_d4d1a8-27, .wp-block-kadence-advancedheading.kt-adv-heading19_d4d1a8-27[data-kb-block=\"kb-adv-heading19_d4d1a8-27\"]{padding-top:0px;margin-bottom:0px;text-align:center;font-size:170px;line-height:68px;font-weight:400;font-style:normal;font-family:'Mrs Saint Delafield';text-transform:lowercase;}.wp-block-kadence-advancedheading.kt-adv-heading19_d4d1a8-27 mark, .wp-block-kadence-advancedheading.kt-adv-heading19_d4d1a8-27[data-kb-block=\"kb-adv-heading19_d4d1a8-27\"] mark{font-style:normal;color:#f76a0c;padding-top:0px;padding-right:0px;padding-bottom:0px;padding-left:0px;}@media all and (max-width: 767px){.wp-block-kadence-advancedheading.kt-adv-heading19_d4d1a8-27, .wp-block-kadence-advancedheading.kt-adv-heading19_d4d1a8-27[data-kb-block=\"kb-adv-heading19_d4d1a8-27\"]{font-size:100px;}}<\/style>\n<h2 class=\"kt-adv-heading19_d4d1a8-27 wp-block-kadence-advancedheading has-theme-palette-7-color has-text-color\" data-kb-block=\"kb-adv-heading19_d4d1a8-27\">reviews<\/h2>\n\n\n<style>.wp-block-kadence-advancedheading.kt-adv-heading19_98b027-db, .wp-block-kadence-advancedheading.kt-adv-heading19_98b027-db[data-kb-block=\"kb-adv-heading19_98b027-db\"]{text-align:center;font-size:100px;line-height:100px;font-style:normal;}.wp-block-kadence-advancedheading.kt-adv-heading19_98b027-db mark, .wp-block-kadence-advancedheading.kt-adv-heading19_98b027-db[data-kb-block=\"kb-adv-heading19_98b027-db\"] mark{font-style:normal;color:#f76a0c;padding-top:0px;padding-right:0px;padding-bottom:0px;padding-left:0px;}@media all and (max-width: 767px){.wp-block-kadence-advancedheading.kt-adv-heading19_98b027-db, .wp-block-kadence-advancedheading.kt-adv-heading19_98b027-db[data-kb-block=\"kb-adv-heading19_98b027-db\"]{font-size:56px;}}<\/style>\n<h2 class=\"kt-adv-heading19_98b027-db wp-block-kadence-advancedheading\" data-kb-block=\"kb-adv-heading19_98b027-db\">reviews<\/h2>\n\n\n<style>.wp-block-kadence-advancedheading.kt-adv-heading19_900476-ef, .wp-block-kadence-advancedheading.kt-adv-heading19_900476-ef[data-kb-block=\"kb-adv-heading19_900476-ef\"]{text-align:center;font-style:normal;}.wp-block-kadence-advancedheading.kt-adv-heading19_900476-ef mark, .wp-block-kadence-advancedheading.kt-adv-heading19_900476-ef[data-kb-block=\"kb-adv-heading19_900476-ef\"] mark{font-style:normal;color:#f76a0c;padding-top:0px;padding-right:0px;padding-bottom:0px;padding-left:0px;}<\/style>\n<p class=\"kt-adv-heading19_900476-ef wp-block-kadence-advancedheading\" data-kb-block=\"kb-adv-heading19_900476-ef\">Lo que dicen las personas que me conocen, a las cuales les he podido brindar consejos de salud, as\u00ed  como tambi\u00e9n  asesoramiento personal para cuidar su salud personal o la de su familia. <\/p>\n<\/div><\/div>\n\n<\/div><\/div>\n\n<style>.kb-row-layout-id19_28bfa4-ba > .kt-row-column-wrap{align-content:start;}:where(.kb-row-layout-id19_28bfa4-ba > .kt-row-column-wrap) > .wp-block-kadence-column{justify-content:start;}.kb-row-layout-id19_28bfa4-ba > .kt-row-column-wrap{column-gap:var(--global-kb-gap-md, 2rem);row-gap:var(--global-kb-gap-md, 2rem);max-width:800px;margin-left:auto;margin-right:auto;padding-top:70px;padding-bottom:69px;grid-template-columns:minmax(0, 1fr);}.kb-row-layout-id19_28bfa4-ba > .kt-row-layout-overlay{opacity:0.30;}@media all and (max-width: 1024px){.kb-row-layout-id19_28bfa4-ba > .kt-row-column-wrap{grid-template-columns:minmax(0, 1fr);}}@media all and (max-width: 767px){.kb-row-layout-id19_28bfa4-ba > .kt-row-column-wrap{grid-template-columns:minmax(0, 1fr);}}<\/style><div class=\"kb-row-layout-wrap kb-row-layout-id19_28bfa4-ba alignnone wp-block-kadence-rowlayout\"><div class=\"kt-row-column-wrap kt-has-1-columns kt-row-layout-equal kt-tab-layout-inherit kt-mobile-layout-row kt-row-valign-top\">\n<style>.kadence-column19_b617a6-46 > .kt-inside-inner-col,.kadence-column19_b617a6-46 > .kt-inside-inner-col:before{border-top-left-radius:0px;border-top-right-radius:0px;border-bottom-right-radius:0px;border-bottom-left-radius:0px;}.kadence-column19_b617a6-46 > .kt-inside-inner-col{column-gap:var(--global-kb-gap-sm, 1rem);}.kadence-column19_b617a6-46 > .kt-inside-inner-col{flex-direction:column;}.kadence-column19_b617a6-46 > .kt-inside-inner-col > .aligncenter{width:100%;}.kadence-column19_b617a6-46 > .kt-inside-inner-col:before{opacity:0.3;}.kadence-column19_b617a6-46{position:relative;}@media all and (max-width: 1024px){.kadence-column19_b617a6-46 > .kt-inside-inner-col{flex-direction:column;}}@media all and (max-width: 767px){.kadence-column19_b617a6-46 > .kt-inside-inner-col{flex-direction:column;}}<\/style>\n<div class=\"wp-block-kadence-column kadence-column19_b617a6-46 inner-column-1\"><div class=\"kt-inside-inner-col\"><style>.kt-blocks-testimonials-wrap19_8ca923-36 .kt-svg-testimonial-global-icon{font-size:30px;}.kt-blocks-testimonials-wrap19_8ca923-36 .kt-testimonial-rating-wrap .kb-svg-icon-wrap{color:#fcb900;font-size:16px;}.kt-blocks-testimonials-wrap19_8ca923-36 .kt-testimonial-grid-wrap{gap:30px;}.kt-blocks-testimonials-wrap19_8ca923-36 .kt-testimonial-item-wrap{padding-top:38px;padding-right:38px;padding-bottom:38px;padding-left:38px;}.kt-blocks-testimonials-wrap19_8ca923-36 .kt-testimonial-content{color:var(--global-palette3, #1A202C);}.kt-blocks-testimonials-wrap19_8ca923-36 .kt-testimonial-name{color:var(--global-palette3, #1A202C);text-transform:uppercase;font-family:'DM Sans';font-style:normal;font-weight:400;}.kt-blocks-testimonials-wrap19_8ca923-36 .kt-testimonial-occupation{color:var(--global-palette6, #718096);font-size:15px;}.kt-blocks-testimonials-wrap19_8ca923-36 .kt-testimonial-item-wrap{max-width:800px;}.kt-blocks-testimonials-wrap19_8ca923-36 .kt-testimonial-item-wrap{box-shadow:4px 2px 14px 0px rgba(0, 0, 0, 0.2);border-top:0px solid #eeeeee;border-right:0px solid #eeeeee;border-bottom:0px solid #eeeeee;border-left:0px solid #eeeeee;background:var(--global-palette9, #ffffff);border-top-left-radius:0px;border-top-right-radius:0px;border-bottom-right-radius:0px;border-bottom-left-radius:0px;}.kt-blocks-testimonials-wrap19_8ca923-36 .kt-testimonial-media-inner-wrap{width:60px;border-top:0px solid #555555;border-right:0px solid #555555;border-bottom:0px solid #555555;border-left:0px solid #555555;border-top-left-radius:200px;border-top-right-radius:200px;border-bottom-right-radius:200px;border-bottom-left-radius:200px;padding-top:0px;padding-right:0px;padding-bottom:0px;padding-left:0px;}.kt-blocks-testimonials-wrap19_8ca923-36 .kt-svg-testimonial-icon{justify-content:center;align-items:center;}.kt-blocks-testimonials-wrap19_8ca923-36 .kt-testimonial-rating-wrap .kt-svg-testimonial-rating-icon{color:#fcb900;font-size:16px;display:inline-flex;justify-content:center;align-items:center;}@media all and (max-width: 1024px){.kt-blocks-testimonials-wrap19_8ca923-36 .kt-testimonial-item-wrap{border-top:0px solid #eeeeee;border-right:0px solid #eeeeee;border-bottom:0px solid #eeeeee;border-left:0px solid #eeeeee;}}@media all and (max-width: 1024px){.kt-blocks-testimonials-wrap19_8ca923-36 .kt-testimonial-media-inner-wrap{border-top:0px solid #555555;border-right:0px solid #555555;border-bottom:0px solid #555555;border-left:0px solid #555555;}}@media all and (max-width: 767px){.kt-blocks-testimonials-wrap19_8ca923-36{padding-top:px;padding-bottom:px;margin-top:px;margin-bottom:px;}.kt-blocks-testimonials-wrap19_8ca923-36 .kt-testimonial-item-wrap{border-top:0px solid #eeeeee;border-right:0px solid #eeeeee;border-bottom:0px solid #eeeeee;border-left:0px solid #eeeeee;}.kt-blocks-testimonials-wrap19_8ca923-36 .kt-testimonial-media-inner-wrap{border-top:0px solid #555555;border-right:0px solid #555555;border-bottom:0px solid #555555;border-left:0px solid #555555;}}<\/style><div class=\"kt-blocks-testimonials-wrap19_8ca923-36 kt-testimonial-halign-left kt-testimonial-style-basic kt-testimonials-media-on kt-testimonials-icon-off kt-testimonial-columns-1 kt-t-xxl-col-1 kt-t-xl-col-1 kt-t-lg-col-1 kt-t-md-col-1 kt-t-sm-col-1 kt-t-xs-col-1 wp-block-kadence-testimonials\"><div class=\"kt-blocks-testimonials-inner-wrap kt-testimonial-grid-wrap\">\n<div class=\"kt-testimonial-item-wrap kt-testimonial-item-19_e027cf-e9 \"><div class=\"kt-testimonial-text-wrap\"><div class=\"kt-testimonial-title-wrap\"><h5 class=\"kt-testimonial-title\">Aprender a respirar correctamente<\/h5><\/div><div class=\"kt-testimonial-rating-wrap kt-testimonial-rating-5\"><div class=\"kt-svg-testimonial-rating-icon kt-svg-testimonial-rating-icon-1\"><svg viewBox=\"0 0 576 512\"  fill=\"currentColor\" stroke=\"currentColor\" stroke-width=\"16\" stroke-linecap=\"round\" stroke-linejoin=\"round\" xmlns=\"http:\/\/www.w3.org\/2000\/svg\"   height=\"16\" width=\"16\" role=\"img\"><title>valoraci\u00f3n de 5 estrellas<\/title><path d=\"M259.3 17.8L194 150.2 47.9 171.5c-26.2 3.8-36.7 36.1-17.7 54.6l105.7 103-25 145.5c-4.5 26.3 23.2 46 46.4 33.7L288 439.6l130.7 68.7c23.2 12.2 50.9-7.4 46.4-33.7l-25-145.5 105.7-103c19-18.5 8.5-50.8-17.7-54.6L382 150.2 316.7 17.8c-11.7-23.6-45.6-23.9-57.4 0z\"\/><\/svg><\/div><div class=\"kt-svg-testimonial-rating-icon kt-svg-testimonial-rating-icon-2\"><svg viewBox=\"0 0 576 512\"  fill=\"currentColor\" stroke=\"currentColor\" stroke-width=\"16\" stroke-linecap=\"round\" stroke-linejoin=\"round\" xmlns=\"http:\/\/www.w3.org\/2000\/svg\"   height=\"16\" width=\"16\" role=\"img\"><title>valoraci\u00f3n de 5 estrellas<\/title><path d=\"M259.3 17.8L194 150.2 47.9 171.5c-26.2 3.8-36.7 36.1-17.7 54.6l105.7 103-25 145.5c-4.5 26.3 23.2 46 46.4 33.7L288 439.6l130.7 68.7c23.2 12.2 50.9-7.4 46.4-33.7l-25-145.5 105.7-103c19-18.5 8.5-50.8-17.7-54.6L382 150.2 316.7 17.8c-11.7-23.6-45.6-23.9-57.4 0z\"\/><\/svg><\/div><div class=\"kt-svg-testimonial-rating-icon kt-svg-testimonial-rating-icon-3\"><svg viewBox=\"0 0 576 512\"  fill=\"currentColor\" stroke=\"currentColor\" stroke-width=\"16\" stroke-linecap=\"round\" stroke-linejoin=\"round\" xmlns=\"http:\/\/www.w3.org\/2000\/svg\"   height=\"16\" width=\"16\" role=\"img\"><title>valoraci\u00f3n de 5 estrellas<\/title><path d=\"M259.3 17.8L194 150.2 47.9 171.5c-26.2 3.8-36.7 36.1-17.7 54.6l105.7 103-25 145.5c-4.5 26.3 23.2 46 46.4 33.7L288 439.6l130.7 68.7c23.2 12.2 50.9-7.4 46.4-33.7l-25-145.5 105.7-103c19-18.5 8.5-50.8-17.7-54.6L382 150.2 316.7 17.8c-11.7-23.6-45.6-23.9-57.4 0z\"\/><\/svg><\/div><div class=\"kt-svg-testimonial-rating-icon kt-svg-testimonial-rating-icon-4\"><svg viewBox=\"0 0 576 512\"  fill=\"currentColor\" stroke=\"currentColor\" stroke-width=\"16\" stroke-linecap=\"round\" stroke-linejoin=\"round\" xmlns=\"http:\/\/www.w3.org\/2000\/svg\"   height=\"16\" width=\"16\" role=\"img\"><title>valoraci\u00f3n de 5 estrellas<\/title><path d=\"M259.3 17.8L194 150.2 47.9 171.5c-26.2 3.8-36.7 36.1-17.7 54.6l105.7 103-25 145.5c-4.5 26.3 23.2 46 46.4 33.7L288 439.6l130.7 68.7c23.2 12.2 50.9-7.4 46.4-33.7l-25-145.5 105.7-103c19-18.5 8.5-50.8-17.7-54.6L382 150.2 316.7 17.8c-11.7-23.6-45.6-23.9-57.4 0z\"\/><\/svg><\/div><div class=\"kt-svg-testimonial-rating-icon kt-svg-testimonial-rating-icon-5\"><svg viewBox=\"0 0 576 512\"  fill=\"currentColor\" stroke=\"currentColor\" stroke-width=\"16\" stroke-linecap=\"round\" stroke-linejoin=\"round\" xmlns=\"http:\/\/www.w3.org\/2000\/svg\"   height=\"16\" width=\"16\" role=\"img\"><title>valoraci\u00f3n de 5 estrellas<\/title><path d=\"M259.3 17.8L194 150.2 47.9 171.5c-26.2 3.8-36.7 36.1-17.7 54.6l105.7 103-25 145.5c-4.5 26.3 23.2 46 46.4 33.7L288 439.6l130.7 68.7c23.2 12.2 50.9-7.4 46.4-33.7l-25-145.5 105.7-103c19-18.5 8.5-50.8-17.7-54.6L382 150.2 316.7 17.8c-11.7-23.6-45.6-23.9-57.4 0z\"\/><\/svg><\/div><\/div><div class=\"kt-testimonial-content-wrap\"><div class=\"kt-testimonial-content\">Cuando debido a un accidente tuve que pasar por sala operatoria para una operaci\u00f3n de protesis de rodilla, encontraron que mi oxigenaci\u00f3n era baja, segui un tratamiento, pero fueron los consejos y los ejercicios de respiraci\u00f3n que me ense\u00f1\u00f3 la enfermera que mejoro mi calidad de vida, porque siempre tenia problemas respiratorios.<\/div><\/div><\/div><div class=\"kt-testimonial-meta-wrap\"><div class=\"kt-testimonial-media-wrap\"><div class=\"kt-testimonial-media-inner-wrap\"><div class=\"kadence-testimonial-image-intrisic\"><div class=\"kt-testimonial-image\" style=\"background-image: url(http:\/\/saludconamor.com\/wp-content\/uploads\/2021\/10\/pexels-shvets-production-6975237-150x150.jpg);\"><\/div><\/div><\/div><\/div><div class=\"kt-testimonial-meta-name-wrap\"><div class=\"kt-testimonial-name-wrap\"><div class=\"kt-testimonial-name\">alejandra<\/div><\/div><div class=\"kt-testimonial-occupation-wrap\"><div class=\"kt-testimonial-occupation\">Abril, 2023<\/div><\/div><\/div><\/div><\/div>\n\n<div class=\"kt-testimonial-item-wrap kt-testimonial-item-19_6eeb37-6e \"><div class=\"kt-testimonial-text-wrap\"><div class=\"kt-testimonial-title-wrap\"><h5 class=\"kt-testimonial-title\">Una amiga con qui\u00e9n contar<\/h5><\/div><div class=\"kt-testimonial-rating-wrap kt-testimonial-rating-5\"><div class=\"kt-svg-testimonial-rating-icon kt-svg-testimonial-rating-icon-1\"><svg viewBox=\"0 0 576 512\"  fill=\"currentColor\" stroke=\"currentColor\" stroke-width=\"16\" stroke-linecap=\"round\" stroke-linejoin=\"round\" xmlns=\"http:\/\/www.w3.org\/2000\/svg\"   height=\"16\" width=\"16\" role=\"img\"><title>valoraci\u00f3n de 5 estrellas<\/title><path d=\"M259.3 17.8L194 150.2 47.9 171.5c-26.2 3.8-36.7 36.1-17.7 54.6l105.7 103-25 145.5c-4.5 26.3 23.2 46 46.4 33.7L288 439.6l130.7 68.7c23.2 12.2 50.9-7.4 46.4-33.7l-25-145.5 105.7-103c19-18.5 8.5-50.8-17.7-54.6L382 150.2 316.7 17.8c-11.7-23.6-45.6-23.9-57.4 0z\"\/><\/svg><\/div><div class=\"kt-svg-testimonial-rating-icon kt-svg-testimonial-rating-icon-2\"><svg viewBox=\"0 0 576 512\"  fill=\"currentColor\" stroke=\"currentColor\" stroke-width=\"16\" stroke-linecap=\"round\" stroke-linejoin=\"round\" xmlns=\"http:\/\/www.w3.org\/2000\/svg\"   height=\"16\" width=\"16\" role=\"img\"><title>valoraci\u00f3n de 5 estrellas<\/title><path d=\"M259.3 17.8L194 150.2 47.9 171.5c-26.2 3.8-36.7 36.1-17.7 54.6l105.7 103-25 145.5c-4.5 26.3 23.2 46 46.4 33.7L288 439.6l130.7 68.7c23.2 12.2 50.9-7.4 46.4-33.7l-25-145.5 105.7-103c19-18.5 8.5-50.8-17.7-54.6L382 150.2 316.7 17.8c-11.7-23.6-45.6-23.9-57.4 0z\"\/><\/svg><\/div><div class=\"kt-svg-testimonial-rating-icon kt-svg-testimonial-rating-icon-3\"><svg viewBox=\"0 0 576 512\"  fill=\"currentColor\" stroke=\"currentColor\" stroke-width=\"16\" stroke-linecap=\"round\" stroke-linejoin=\"round\" xmlns=\"http:\/\/www.w3.org\/2000\/svg\"   height=\"16\" width=\"16\" role=\"img\"><title>valoraci\u00f3n de 5 estrellas<\/title><path d=\"M259.3 17.8L194 150.2 47.9 171.5c-26.2 3.8-36.7 36.1-17.7 54.6l105.7 103-25 145.5c-4.5 26.3 23.2 46 46.4 33.7L288 439.6l130.7 68.7c23.2 12.2 50.9-7.4 46.4-33.7l-25-145.5 105.7-103c19-18.5 8.5-50.8-17.7-54.6L382 150.2 316.7 17.8c-11.7-23.6-45.6-23.9-57.4 0z\"\/><\/svg><\/div><div class=\"kt-svg-testimonial-rating-icon kt-svg-testimonial-rating-icon-4\"><svg viewBox=\"0 0 576 512\"  fill=\"currentColor\" stroke=\"currentColor\" stroke-width=\"16\" stroke-linecap=\"round\" stroke-linejoin=\"round\" xmlns=\"http:\/\/www.w3.org\/2000\/svg\"   height=\"16\" width=\"16\" role=\"img\"><title>valoraci\u00f3n de 5 estrellas<\/title><path d=\"M259.3 17.8L194 150.2 47.9 171.5c-26.2 3.8-36.7 36.1-17.7 54.6l105.7 103-25 145.5c-4.5 26.3 23.2 46 46.4 33.7L288 439.6l130.7 68.7c23.2 12.2 50.9-7.4 46.4-33.7l-25-145.5 105.7-103c19-18.5 8.5-50.8-17.7-54.6L382 150.2 316.7 17.8c-11.7-23.6-45.6-23.9-57.4 0z\"\/><\/svg><\/div><div class=\"kt-svg-testimonial-rating-icon kt-svg-testimonial-rating-icon-5\"><svg viewBox=\"0 0 576 512\"  fill=\"currentColor\" stroke=\"currentColor\" stroke-width=\"16\" stroke-linecap=\"round\" stroke-linejoin=\"round\" xmlns=\"http:\/\/www.w3.org\/2000\/svg\"   height=\"16\" width=\"16\" role=\"img\"><title>valoraci\u00f3n de 5 estrellas<\/title><path d=\"M259.3 17.8L194 150.2 47.9 171.5c-26.2 3.8-36.7 36.1-17.7 54.6l105.7 103-25 145.5c-4.5 26.3 23.2 46 46.4 33.7L288 439.6l130.7 68.7c23.2 12.2 50.9-7.4 46.4-33.7l-25-145.5 105.7-103c19-18.5 8.5-50.8-17.7-54.6L382 150.2 316.7 17.8c-11.7-23.6-45.6-23.9-57.4 0z\"\/><\/svg><\/div><\/div><div class=\"kt-testimonial-content-wrap\"><div class=\"kt-testimonial-content\">Para mi hablar de mis problemas sean de salud o personales me es dif\u00edcil confiar en otros incluso mi familia, pero hablar con un profesional de la salud que en su momento me dio consejos pr\u00e1cticos  y realistas que me ayudaron a resolver el problema o problemas, sobre todo se que queda para las dos.<\/div><\/div><\/div><div class=\"kt-testimonial-meta-wrap\"><div class=\"kt-testimonial-media-wrap\"><div class=\"kt-testimonial-media-inner-wrap\"><div class=\"kadence-testimonial-image-intrisic\"><div class=\"kt-testimonial-image\" style=\"background-image: url(http:\/\/saludconamor.com\/wp-content\/uploads\/2024\/01\/Default_En_un_consultorio_la_enfermera_nos_explica_como_cuidar_0-150x150.jpeg);\"><\/div><\/div><\/div><\/div><div class=\"kt-testimonial-meta-name-wrap\"><div class=\"kt-testimonial-name-wrap\"><div class=\"kt-testimonial-name\">Irene<\/div><\/div><div class=\"kt-testimonial-occupation-wrap\"><div class=\"kt-testimonial-occupation\">June 30, 2023<\/div><\/div><\/div><\/div><\/div>\n\n<div class=\"kt-testimonial-item-wrap kt-testimonial-item-19_ecb90c-d2 \"><div class=\"kt-testimonial-text-wrap\"><div class=\"kt-testimonial-title-wrap\"><h5 class=\"kt-testimonial-title\">Una idea genial<\/h5><\/div><div class=\"kt-testimonial-rating-wrap kt-testimonial-rating-5\"><div class=\"kt-svg-testimonial-rating-icon kt-svg-testimonial-rating-icon-1\"><svg viewBox=\"0 0 576 512\"  fill=\"currentColor\" stroke=\"currentColor\" stroke-width=\"16\" stroke-linecap=\"round\" stroke-linejoin=\"round\" xmlns=\"http:\/\/www.w3.org\/2000\/svg\"   height=\"16\" width=\"16\" role=\"img\"><title>valoraci\u00f3n de 5 estrellas<\/title><path d=\"M259.3 17.8L194 150.2 47.9 171.5c-26.2 3.8-36.7 36.1-17.7 54.6l105.7 103-25 145.5c-4.5 26.3 23.2 46 46.4 33.7L288 439.6l130.7 68.7c23.2 12.2 50.9-7.4 46.4-33.7l-25-145.5 105.7-103c19-18.5 8.5-50.8-17.7-54.6L382 150.2 316.7 17.8c-11.7-23.6-45.6-23.9-57.4 0z\"\/><\/svg><\/div><div class=\"kt-svg-testimonial-rating-icon kt-svg-testimonial-rating-icon-2\"><svg viewBox=\"0 0 576 512\"  fill=\"currentColor\" stroke=\"currentColor\" stroke-width=\"16\" stroke-linecap=\"round\" stroke-linejoin=\"round\" xmlns=\"http:\/\/www.w3.org\/2000\/svg\"   height=\"16\" width=\"16\" role=\"img\"><title>valoraci\u00f3n de 5 estrellas<\/title><path d=\"M259.3 17.8L194 150.2 47.9 171.5c-26.2 3.8-36.7 36.1-17.7 54.6l105.7 103-25 145.5c-4.5 26.3 23.2 46 46.4 33.7L288 439.6l130.7 68.7c23.2 12.2 50.9-7.4 46.4-33.7l-25-145.5 105.7-103c19-18.5 8.5-50.8-17.7-54.6L382 150.2 316.7 17.8c-11.7-23.6-45.6-23.9-57.4 0z\"\/><\/svg><\/div><div class=\"kt-svg-testimonial-rating-icon kt-svg-testimonial-rating-icon-3\"><svg viewBox=\"0 0 576 512\"  fill=\"currentColor\" stroke=\"currentColor\" stroke-width=\"16\" stroke-linecap=\"round\" stroke-linejoin=\"round\" xmlns=\"http:\/\/www.w3.org\/2000\/svg\"   height=\"16\" width=\"16\" role=\"img\"><title>valoraci\u00f3n de 5 estrellas<\/title><path d=\"M259.3 17.8L194 150.2 47.9 171.5c-26.2 3.8-36.7 36.1-17.7 54.6l105.7 103-25 145.5c-4.5 26.3 23.2 46 46.4 33.7L288 439.6l130.7 68.7c23.2 12.2 50.9-7.4 46.4-33.7l-25-145.5 105.7-103c19-18.5 8.5-50.8-17.7-54.6L382 150.2 316.7 17.8c-11.7-23.6-45.6-23.9-57.4 0z\"\/><\/svg><\/div><div class=\"kt-svg-testimonial-rating-icon kt-svg-testimonial-rating-icon-4\"><svg viewBox=\"0 0 576 512\"  fill=\"currentColor\" stroke=\"currentColor\" stroke-width=\"16\" stroke-linecap=\"round\" stroke-linejoin=\"round\" xmlns=\"http:\/\/www.w3.org\/2000\/svg\"   height=\"16\" width=\"16\" role=\"img\"><title>valoraci\u00f3n de 5 estrellas<\/title><path d=\"M259.3 17.8L194 150.2 47.9 171.5c-26.2 3.8-36.7 36.1-17.7 54.6l105.7 103-25 145.5c-4.5 26.3 23.2 46 46.4 33.7L288 439.6l130.7 68.7c23.2 12.2 50.9-7.4 46.4-33.7l-25-145.5 105.7-103c19-18.5 8.5-50.8-17.7-54.6L382 150.2 316.7 17.8c-11.7-23.6-45.6-23.9-57.4 0z\"\/><\/svg><\/div><div class=\"kt-svg-testimonial-rating-icon kt-svg-testimonial-rating-icon-5\"><svg viewBox=\"0 0 576 512\"  fill=\"currentColor\" stroke=\"currentColor\" stroke-width=\"16\" stroke-linecap=\"round\" stroke-linejoin=\"round\" xmlns=\"http:\/\/www.w3.org\/2000\/svg\"   height=\"16\" width=\"16\" role=\"img\"><title>valoraci\u00f3n de 5 estrellas<\/title><path d=\"M259.3 17.8L194 150.2 47.9 171.5c-26.2 3.8-36.7 36.1-17.7 54.6l105.7 103-25 145.5c-4.5 26.3 23.2 46 46.4 33.7L288 439.6l130.7 68.7c23.2 12.2 50.9-7.4 46.4-33.7l-25-145.5 105.7-103c19-18.5 8.5-50.8-17.7-54.6L382 150.2 316.7 17.8c-11.7-23.6-45.6-23.9-57.4 0z\"\/><\/svg><\/div><\/div><div class=\"kt-testimonial-content-wrap\"><div class=\"kt-testimonial-content\">Cuando me toco estar hospitalizada despu\u00e9s  de sufrir un accidente en moto, la enfermera que respond\u00eda  a mis preguntas me hablo sobre su proyecto de educar a la poblaci\u00f3n en general sobre temas de salud. Yo que todav\u00eda  me quede con tantas dudas le anime a realizar este proyecto.<\/div><\/div><\/div><div class=\"kt-testimonial-meta-wrap\"><div class=\"kt-testimonial-media-wrap\"><div class=\"kt-testimonial-media-inner-wrap\"><div class=\"kadence-testimonial-image-intrisic\"><div class=\"kt-testimonial-image\" style=\"background-image: url(http:\/\/saludconamor.com\/wp-content\/uploads\/2021\/10\/pexels-ekaterina-bolovtsova-4672733-150x150.jpg);\"><\/div><\/div><\/div><\/div><div class=\"kt-testimonial-meta-name-wrap\"><div class=\"kt-testimonial-name-wrap\"><div class=\"kt-testimonial-name\">Angela <\/div><\/div><div class=\"kt-testimonial-occupation-wrap\"><div class=\"kt-testimonial-occupation\">Dec 18, 2020<\/div><\/div><\/div><\/div><\/div>\n<\/div><\/div><\/div><\/div>\n\n<\/div><\/div>","protected":false},"excerpt":{"rendered":"<p>reviews reviews Lo que dicen las personas que me conocen, a las cuales les he podido brindar consejos de salud, as\u00ed como tambi\u00e9n asesoramiento personal para cuidar su salud personal o la de su familia.<\/p>\n","protected":false},"author":1,"featured_media":603,"parent":0,"menu_order":0,"comment_status":"closed","ping_status":"closed","template":"","meta":{"_kadence_starter_templates_imported_post":true,"_kad_post_transparent":"","_kad_post_title":"hide","_kad_post_layout":"fullwidth","_kad_post_sidebar_id":"","_kad_post_content_style":"unboxed","_kad_post_vertical_padding":"hide","_kad_post_feature":"hide","_kad_post_feature_position":"","_kad_post_header":false,"_kad_post_footer":false,"footnotes":""},"_links":{"self":[{"href":"https:\/\/saludconamor.com\/index.php\/wp-json\/wp\/v2\/pages\/19"}],"collection":[{"href":"https:\/\/saludconamor.com\/index.php\/wp-json\/wp\/v2\/pages"}],"about":[{"href":"https:\/\/saludconamor.com\/index.php\/wp-json\/wp\/v2\/types\/page"}],"author":[{"embeddable":true,"href":"https:\/\/saludconamor.com\/index.php\/wp-json\/wp\/v2\/users\/1"}],"replies":[{"embeddable":true,"href":"https:\/\/saludconamor.com\/index.php\/wp-json\/wp\/v2\/comments?post=19"}],"version-history":[{"count":2,"href":"https:\/\/saludconamor.com\/index.php\/wp-json\/wp\/v2\/pages\/19\/revisions"}],"predecessor-version":[{"id":746,"href":"https:\/\/saludconamor.com\/index.php\/wp-json\/wp\/v2\/pages\/19\/revisions\/746"}],"wp:featuredmedia":[{"embeddable":true,"href":"https:\/\/saludconamor.com\/index.php\/wp-json\/wp\/v2\/media\/603"}],"wp:attachment":[{"href":"https:\/\/saludconamor.com\/index.php\/wp-json\/wp\/v2\/media?parent=19"}],"curies":[{"name":"wp","href":"https:\/\/api.w.org\/{rel}","templated":true}]}}